{"id":2343,"date":"2024-01-22T12:27:22","date_gmt":"2024-01-22T11:27:22","guid":{"rendered":"https:\/\/uam.uhrig-group.com\/machines-speciales\/"},"modified":"2024-05-13T18:27:18","modified_gmt":"2024-05-13T16:27:18","slug":"machines-speciales","status":"publish","type":"page","link":"https:\/\/uam.uhrig-group.com\/fr\/machines-speciales\/","title":{"rendered":"Machines sp\u00e9ciales"},"content":{"rendered":"\t\t<div data-elementor-type=\"wp-page\" data-elementor-id=\"2343\" class=\"elementor elementor-2343 elementor-1283\" data-elementor-settings=\"{&quot;ha_cmc_init_switcher&quot;:&quot;no&quot;}\">\n\t\t\t\t<div class=\"elementor-element elementor-element-6062b94c e-flex e-con-boxed e-con e-parent\" data-id=\"6062b94c\" data-element_type=\"container\" data-e-type=\"container\" data-settings=\"{&quot;background_background&quot;:&quot;classic&quot;,&quot;_ha_eqh_enable&quot;:false}\">\n\t\t\t\t\t<div class=\"e-con-inner\">\n\t\t<div class=\"elementor-element elementor-element-2cf5a8d6 e-con-full e-flex e-con e-child\" data-id=\"2cf5a8d6\" data-element_type=\"container\" data-e-type=\"container\" data-settings=\"{&quot;_ha_eqh_enable&quot;:false}\">\n\t\t\t\t<div class=\"elementor-element elementor-element-3f4792be elementor-widget elementor-widget-text-editor\" data-id=\"3f4792be\" data-element_type=\"widget\" data-e-type=\"widget\" data-widget_type=\"text-editor.default\">\n\t\t\t\t<div class=\"elementor-widget-container\">\n\t\t\t\t\t\t\t\t\t<p>MACHINES SP\u00c9CIALES<\/p>\n\t\t\t\t\t\t\t\t<\/div>\n\t\t\t\t<\/div>\n\t\t\t\t<div class=\"elementor-element elementor-element-7890e2e8 elementor-widget elementor-widget-heading\" data-id=\"7890e2e8\" data-element_type=\"widget\" data-e-type=\"widget\" data-widget_type=\"heading.default\">\n\t\t\t\t<div class=\"elementor-widget-container\">\n\t\t\t\t\t<h1 class=\"elementor-heading-title elementor-size-default\">Solutions sp\u00e9ciales UAM<\/h1>\t\t\t\t<\/div>\n\t\t\t\t<\/div>\n\t\t\t\t<div class=\"elementor-element elementor-element-42b9beb9 elementor-widget elementor-widget-text-editor\" data-id=\"42b9beb9\" data-element_type=\"widget\" data-e-type=\"widget\" data-widget_type=\"text-editor.default\">\n\t\t\t\t<div class=\"elementor-widget-container\">\n\t\t\t\t\t\t\t\t\t<p>En tant que moyenne entreprise flexible, nous sommes toujours en mesure de r\u00e9aliser des solutions sp\u00e9ciales avec vous.<\/p>\n\t\t\t\t\t\t\t\t<\/div>\n\t\t\t\t<\/div>\n\t\t\t\t<div class=\"elementor-element elementor-element-a6c18b2 elementor-widget elementor-widget-text-editor\" data-id=\"a6c18b2\" data-element_type=\"widget\" data-e-type=\"widget\" data-widget_type=\"text-editor.default\">\n\t\t\t\t<div class=\"elementor-widget-container\">\n\t\t\t\t\t\t\t\t\t<p>Qu\u2019il s\u2019agisse de couleurs diff\u00e9rentes, de dimensions de plaques sp\u00e9ciales,&nbsp;de fixations sp\u00e9ciales \u00e0 changement rapide ou de fabrications sp\u00e9ciales compl\u00e8tes con\u00e7ues pour votre propre domaine d\u2019application, contactez-nous et d\u00e9crivez-nous votre d\u00e9fi.<\/p>\n\t\t\t\t\t\t\t\t<\/div>\n\t\t\t\t<\/div>\n\t\t\t\t<div class=\"elementor-element elementor-element-766457ec elementor-widget elementor-widget-button\" data-id=\"766457ec\" data-element_type=\"widget\" data-e-type=\"widget\" data-widget_type=\"button.default\">\n\t\t\t\t<div class=\"elementor-widget-container\">\n\t\t\t\t\t\t\t\t\t<div class=\"elementor-button-wrapper\">\n\t\t\t\t\t<a class=\"elementor-button elementor-button-link elementor-size-sm\" href=\"https:\/\/uam.uhrig-group.com\/fr\/contact\/\">\n\t\t\t\t\t\t<span class=\"elementor-button-content-wrapper\">\n\t\t\t\t\t\t\t\t\t<span class=\"elementor-button-text\">Contact<\/span>\n\t\t\t\t\t<\/span>\n\t\t\t\t\t<\/a>\n\t\t\t\t<\/div>\n\t\t\t\t\t\t\t\t<\/div>\n\t\t\t\t<\/div>\n\t\t\t\t<\/div>\n\t\t<div class=\"elementor-element elementor-element-612efda1 e-con-full e-flex e-con e-child\" data-id=\"612efda1\" data-element_type=\"container\" data-e-type=\"container\" data-settings=\"{&quot;_ha_eqh_enable&quot;:false}\">\n\t\t\t\t<div class=\"elementor-element elementor-element-2b02283e elementor-widget elementor-widget-image\" data-id=\"2b02283e\" data-element_type=\"widget\" data-e-type=\"widget\" data-widget_type=\"image.default\">\n\t\t\t\t<div class=\"elementor-widget-container\">\n\t\t\t\t\t\t\t\t\t\t\t\t\t\t\t<img fetchpriority=\"high\" decoding=\"async\" width=\"800\" height=\"563\" src=\"https:\/\/uam.uhrig-group.com\/wp-content\/uploads\/sites\/5\/Sondermaschinen.jpg\" class=\"attachment-large size-large wp-image-1464\" alt=\"\" srcset=\"https:\/\/uam.uhrig-group.com\/wp-content\/uploads\/sites\/5\/Sondermaschinen.jpg 800w, https:\/\/uam.uhrig-group.com\/wp-content\/uploads\/sites\/5\/Sondermaschinen-300x211.jpg 300w, https:\/\/uam.uhrig-group.com\/wp-content\/uploads\/sites\/5\/Sondermaschinen-768x540.jpg 768w\" sizes=\"(max-width: 800px) 100vw, 800px\" \/>\t\t\t\t\t\t\t\t\t\t\t\t\t\t\t<\/div>\n\t\t\t\t<\/div>\n\t\t\t\t<\/div>\n\t\t\t\t\t<\/div>\n\t\t\t\t<\/div>\n\t\t<div class=\"elementor-element elementor-element-1ba75607 e-flex e-con-boxed e-con e-parent\" data-id=\"1ba75607\" data-element_type=\"container\" data-e-type=\"container\" data-settings=\"{&quot;background_background&quot;:&quot;classic&quot;,&quot;_ha_eqh_enable&quot;:false}\">\n\t\t\t\t\t<div class=\"e-con-inner\">\n\t\t<div class=\"elementor-element elementor-element-3d3cebe4 e-con-full e-flex e-con e-child\" data-id=\"3d3cebe4\" data-element_type=\"container\" data-e-type=\"container\" data-settings=\"{&quot;_ha_eqh_enable&quot;:false}\">\n\t\t\t\t<div class=\"elementor-element elementor-element-6050cd9 elementor-widget elementor-widget-heading\" data-id=\"6050cd9\" data-element_type=\"widget\" data-e-type=\"widget\" data-widget_type=\"heading.default\">\n\t\t\t\t<div class=\"elementor-widget-container\">\n\t\t\t\t\t<h2 class=\"elementor-heading-title elementor-size-default\">Votre demande devient notre d\u00e9fi<\/h2>\t\t\t\t<\/div>\n\t\t\t\t<\/div>\n\t\t\t\t<div class=\"elementor-element elementor-element-2e447c6e elementor-widget elementor-widget-text-editor\" data-id=\"2e447c6e\" data-element_type=\"widget\" data-e-type=\"widget\" data-widget_type=\"text-editor.default\">\n\t\t\t\t<div class=\"elementor-widget-container\">\n\t\t\t\t\t\t\t\t\t<p>Aucun chantier ne ressemble \u00e0 un autre.<\/p>\n\t\t\t\t\t\t\t\t<\/div>\n\t\t\t\t<\/div>\n\t\t\t\t<div class=\"elementor-element elementor-element-5e464dc7 elementor-widget elementor-widget-text-editor\" data-id=\"5e464dc7\" data-element_type=\"widget\" data-e-type=\"widget\" data-widget_type=\"text-editor.default\">\n\t\t\t\t<div class=\"elementor-widget-container\">\n\t\t\t\t\t\t\t\t\t<p>Aussi individuelles que soient les exigences en mati\u00e8re d\u2019\u00e9quipement de chantier et d\u2019engins de construction, nous trouverons avec vous la solution de compacteurs adaptables qui vous convient.<\/p>\n\t\t\t\t\t\t\t\t<\/div>\n\t\t\t\t<\/div>\n\t\t\t\t<div class=\"elementor-element elementor-element-0300de4 elementor-widget elementor-widget-text-editor\" data-id=\"0300de4\" data-element_type=\"widget\" data-e-type=\"widget\" data-widget_type=\"text-editor.default\">\n\t\t\t\t<div class=\"elementor-widget-container\">\n\t\t\t\t\t\t\t\t\t<p>En effet, une solution id\u00e9alement adapt\u00e9e r\u00e9duit les temps d\u2019intervention et donc les co\u00fbts de processus sur le chantier.<\/p>\n\t\t\t\t\t\t\t\t<\/div>\n\t\t\t\t<\/div>\n\t\t\t\t<\/div>\n\t\t\t\t\t<\/div>\n\t\t\t\t<\/div>\n\t\t<div class=\"elementor-element elementor-element-61d8fdef e-flex e-con-boxed e-con e-parent\" data-id=\"61d8fdef\" data-element_type=\"container\" data-e-type=\"container\" data-settings=\"{&quot;background_background&quot;:&quot;classic&quot;,&quot;_ha_eqh_enable&quot;:false}\">\n\t\t\t\t\t<div class=\"e-con-inner\">\n\t\t<div class=\"elementor-element elementor-element-204ccb9c e-con-full e-flex e-con e-child\" data-id=\"204ccb9c\" data-element_type=\"container\" data-e-type=\"container\" data-settings=\"{&quot;_ha_eqh_enable&quot;:false}\">\n\t\t<div class=\"elementor-element elementor-element-50ccebd3 e-con-full e-flex e-con e-child\" data-id=\"50ccebd3\" data-element_type=\"container\" data-e-type=\"container\" data-settings=\"{&quot;_ha_eqh_enable&quot;:false}\">\n\t\t<div class=\"elementor-element elementor-element-35e550b6 e-con-full e-flex e-con e-child\" data-id=\"35e550b6\" data-element_type=\"container\" data-e-type=\"container\" data-settings=\"{&quot;_ha_eqh_enable&quot;:false}\">\n\t\t\t\t<div class=\"elementor-element elementor-element-672d803d ha-has-bg-overlay elementor-widget elementor-widget-heading\" data-id=\"672d803d\" data-element_type=\"widget\" data-e-type=\"widget\" data-widget_type=\"heading.default\">\n\t\t\t\t<div class=\"elementor-widget-container\">\n\t\t\t\t\t<h2 class=\"elementor-heading-title elementor-size-default\">Compacteur \u00e0 trois pieds<\/h2>\t\t\t\t<\/div>\n\t\t\t\t<\/div>\n\t\t\t\t<div class=\"elementor-element elementor-element-55ec2a05 ha-has-bg-overlay elementor-widget elementor-widget-image\" data-id=\"55ec2a05\" data-element_type=\"widget\" data-e-type=\"widget\" data-widget_type=\"image.default\">\n\t\t\t\t<div class=\"elementor-widget-container\">\n\t\t\t\t\t\t\t\t\t\t\t\t<figure class=\"wp-caption\">\n\t\t\t\t\t\t\t\t\t\t<img decoding=\"async\" width=\"1752\" height=\"1527\" src=\"https:\/\/uam.uhrig-group.com\/wp-content\/uploads\/sites\/5\/Sondermaschine1-1.jpg\" class=\"attachment-full size-full wp-image-1477\" alt=\"\" srcset=\"https:\/\/uam.uhrig-group.com\/wp-content\/uploads\/sites\/5\/Sondermaschine1-1.jpg 1752w, https:\/\/uam.uhrig-group.com\/wp-content\/uploads\/sites\/5\/Sondermaschine1-1-300x261.jpg 300w, https:\/\/uam.uhrig-group.com\/wp-content\/uploads\/sites\/5\/Sondermaschine1-1-1024x892.jpg 1024w, https:\/\/uam.uhrig-group.com\/wp-content\/uploads\/sites\/5\/Sondermaschine1-1-768x669.jpg 768w, https:\/\/uam.uhrig-group.com\/wp-content\/uploads\/sites\/5\/Sondermaschine1-1-1536x1339.jpg 1536w\" sizes=\"(max-width: 1752px) 100vw, 1752px\" \/>\t\t\t\t\t\t\t\t\t\t\t<figcaption class=\"widget-image-caption wp-caption-text\">Conception sp\u00e9ciale pour la soci\u00e9t\u00e9 Max B\u00f6gl<\/figcaption>\n\t\t\t\t\t\t\t\t\t\t<\/figure>\n\t\t\t\t\t\t\t\t\t<\/div>\n\t\t\t\t<\/div>\n\t\t\t\t<\/div>\n\t\t<div class=\"elementor-element elementor-element-2895ce8a e-con-full e-flex e-con e-child\" data-id=\"2895ce8a\" data-element_type=\"container\" data-e-type=\"container\" data-settings=\"{&quot;_ha_eqh_enable&quot;:false}\">\n\t\t\t\t<div class=\"elementor-element elementor-element-2a3d52d ha-has-bg-overlay elementor-widget elementor-widget-heading\" data-id=\"2a3d52d\" data-element_type=\"widget\" data-e-type=\"widget\" data-widget_type=\"heading.default\">\n\t\t\t\t<div class=\"elementor-widget-container\">\n\t\t\t\t\t<h2 class=\"elementor-heading-title elementor-size-default\">HD200 Spezial<\/h2>\t\t\t\t<\/div>\n\t\t\t\t<\/div>\n\t\t\t\t<div class=\"elementor-element elementor-element-5e8c1187 ha-has-bg-overlay elementor-widget elementor-widget-image\" data-id=\"5e8c1187\" data-element_type=\"widget\" data-e-type=\"widget\" data-widget_type=\"image.default\">\n\t\t\t\t<div class=\"elementor-widget-container\">\n\t\t\t\t\t\t\t\t\t\t\t\t<figure class=\"wp-caption\">\n\t\t\t\t\t\t\t\t\t\t<img decoding=\"async\" width=\"2364\" height=\"1943\" src=\"https:\/\/uam.uhrig-group.com\/wp-content\/uploads\/sites\/5\/Sondermaschine2.jpg\" class=\"attachment-full size-full wp-image-1471\" alt=\"\" srcset=\"https:\/\/uam.uhrig-group.com\/wp-content\/uploads\/sites\/5\/Sondermaschine2.jpg 2364w, https:\/\/uam.uhrig-group.com\/wp-content\/uploads\/sites\/5\/Sondermaschine2-300x247.jpg 300w, https:\/\/uam.uhrig-group.com\/wp-content\/uploads\/sites\/5\/Sondermaschine2-1024x842.jpg 1024w, https:\/\/uam.uhrig-group.com\/wp-content\/uploads\/sites\/5\/Sondermaschine2-768x631.jpg 768w, https:\/\/uam.uhrig-group.com\/wp-content\/uploads\/sites\/5\/Sondermaschine2-1536x1262.jpg 1536w, https:\/\/uam.uhrig-group.com\/wp-content\/uploads\/sites\/5\/Sondermaschine2-2048x1683.jpg 2048w\" sizes=\"(max-width: 2364px) 100vw, 2364px\" \/>\t\t\t\t\t\t\t\t\t\t\t<figcaption class=\"widget-image-caption wp-caption-text\">HD200 sans m\u00e9canisme de rotation avec support Klac<\/figcaption>\n\t\t\t\t\t\t\t\t\t\t<\/figure>\n\t\t\t\t\t\t\t\t\t<\/div>\n\t\t\t\t<\/div>\n\t\t\t\t<\/div>\n\t\t<div class=\"elementor-element elementor-element-55d50708 e-con-full e-flex e-con e-child\" data-id=\"55d50708\" data-element_type=\"container\" data-e-type=\"container\" data-settings=\"{&quot;_ha_eqh_enable&quot;:false}\">\n\t\t\t\t<div class=\"elementor-element elementor-element-25dc438b ha-has-bg-overlay elementor-widget elementor-widget-heading\" data-id=\"25dc438b\" data-element_type=\"widget\" data-e-type=\"widget\" data-widget_type=\"heading.default\">\n\t\t\t\t<div class=\"elementor-widget-container\">\n\t\t\t\t\t<h2 class=\"elementor-heading-title elementor-size-default\">HD1200 VARIO<\/h2>\t\t\t\t<\/div>\n\t\t\t\t<\/div>\n\t\t\t\t<div class=\"elementor-element elementor-element-7b81ef83 ha-has-bg-overlay elementor-widget elementor-widget-image\" data-id=\"7b81ef83\" data-element_type=\"widget\" data-e-type=\"widget\" data-widget_type=\"image.default\">\n\t\t\t\t<div class=\"elementor-widget-container\">\n\t\t\t\t\t\t\t\t\t\t\t\t<figure class=\"wp-caption\">\n\t\t\t\t\t\t\t\t\t\t<img loading=\"lazy\" decoding=\"async\" width=\"1519\" height=\"1023\" src=\"https:\/\/uam.uhrig-group.com\/wp-content\/uploads\/sites\/5\/Sondermaschine3.jpg\" class=\"attachment-full size-full wp-image-1474\" alt=\"\" srcset=\"https:\/\/uam.uhrig-group.com\/wp-content\/uploads\/sites\/5\/Sondermaschine3.jpg 1519w, https:\/\/uam.uhrig-group.com\/wp-content\/uploads\/sites\/5\/Sondermaschine3-300x202.jpg 300w, https:\/\/uam.uhrig-group.com\/wp-content\/uploads\/sites\/5\/Sondermaschine3-1024x690.jpg 1024w, https:\/\/uam.uhrig-group.com\/wp-content\/uploads\/sites\/5\/Sondermaschine3-768x517.jpg 768w\" sizes=\"(max-width: 1519px) 100vw, 1519px\" \/>\t\t\t\t\t\t\t\t\t\t\t<figcaption class=\"widget-image-caption wp-caption-text\">Notre d\u00e9veloppement actuel\u00a0: un compacteur adaptable avec une force d\u2019impact personnalisable.<\/figcaption>\n\t\t\t\t\t\t\t\t\t\t<\/figure>\n\t\t\t\t\t\t\t\t\t<\/div>\n\t\t\t\t<\/div>\n\t\t\t\t<\/div>\n\t\t\t\t<\/div>\n\t\t\t\t<\/div>\n\t\t\t\t\t<\/div>\n\t\t\t\t<\/div>\n\t\t<div class=\"elementor-element elementor-element-287a1035 e-flex e-con-boxed e-con e-parent\" data-id=\"287a1035\" data-element_type=\"container\" data-e-type=\"container\" data-settings=\"{&quot;background_background&quot;:&quot;classic&quot;,&quot;_ha_eqh_enable&quot;:false}\">\n\t\t\t\t\t<div class=\"e-con-inner\">\n\t\t<div class=\"elementor-element elementor-element-2e34a5e8 e-con-full e-flex e-con e-child\" data-id=\"2e34a5e8\" data-element_type=\"container\" data-e-type=\"container\" data-settings=\"{&quot;background_background&quot;:&quot;classic&quot;,&quot;_ha_eqh_enable&quot;:false}\">\n\t\t\t\t<div class=\"elementor-element elementor-element-495aafea elementor-widget elementor-widget-heading\" data-id=\"495aafea\" data-element_type=\"widget\" data-e-type=\"widget\" data-widget_type=\"heading.default\">\n\t\t\t\t<div class=\"elementor-widget-container\">\n\t\t\t\t\t<h6 class=\"elementor-heading-title elementor-size-default\">Comp\u00e9tence en mati\u00e8re de conseil et de mise en \u0153uvre<\/h6>\t\t\t\t<\/div>\n\t\t\t\t<\/div>\n\t\t\t\t<div class=\"elementor-element elementor-element-15e26329 elementor-widget elementor-widget-text-editor\" data-id=\"15e26329\" data-element_type=\"widget\" data-e-type=\"widget\" data-widget_type=\"text-editor.default\">\n\t\t\t\t<div class=\"elementor-widget-container\">\n\t\t\t\t\t\t\t\t\t<p>N\u2019h\u00e9sitez pas \u00e0 nous contacter pour nous faire part de vos besoins.<\/p>\n\t\t\t\t\t\t\t\t<\/div>\n\t\t\t\t<\/div>\n\t\t\t\t<div class=\"elementor-element elementor-element-18222c60 elementor-widget elementor-widget-text-editor\" data-id=\"18222c60\" data-element_type=\"widget\" data-e-type=\"widget\" data-widget_type=\"text-editor.default\">\n\t\t\t\t<div class=\"elementor-widget-container\">\n\t\t\t\t\t\t\t\t\t<p>Ne vous contentez pas de l\u2019offre standard et contactez&nbsp;notre <a style=\"color: #fff; text-decoration: underline;\" href=\"https:\/\/uam.uhrig-group.com\/fr\/equipe\/\">\u00e9quipe<\/a>.<\/p>\n\t\t\t\t\t\t\t\t<\/div>\n\t\t\t\t<\/div>\n\t\t\t\t<\/div>\n\t\t<div class=\"elementor-element elementor-element-24f3bd3b e-con-full e-flex e-con e-child\" data-id=\"24f3bd3b\" data-element_type=\"container\" data-e-type=\"container\" data-settings=\"{&quot;_ha_eqh_enable&quot;:false}\">\n\t\t\t\t<div class=\"elementor-element elementor-element-1d266a6f elementor-widget elementor-widget-video\" data-id=\"1d266a6f\" data-element_type=\"widget\" data-e-type=\"widget\" data-settings=\"{&quot;video_type&quot;:&quot;hosted&quot;,&quot;start&quot;:2,&quot;controls&quot;:&quot;yes&quot;}\" data-widget_type=\"video.default\">\n\t\t\t\t<div class=\"elementor-widget-container\">\n\t\t\t\t\t\t\t<div class=\"e-hosted-video elementor-wrapper elementor-open-inline\">\n\t\t\t\t\t<video class=\"elementor-video\" src=\"https:\/\/uam.uhrig-group.com\/wp-content\/uploads\/sites\/5\/UAM-Anbauverdichter.mp4#t=2\" controls=\"\" preload=\"metadata\" controlsList=\"nodownload\"><\/video>\n\t\t\t\t<\/div>\n\t\t\t\t\t\t<\/div>\n\t\t\t\t<\/div>\n\t\t\t\t<\/div>\n\t\t\t\t\t<\/div>\n\t\t\t\t<\/div>\n\t\t\t\t<\/div>\n\t\t","protected":false},"excerpt":{"rendered":"<p>MACHINES SP\u00c9CIALES Solutions sp\u00e9ciales UAM En tant que moyenne entreprise flexible, nous sommes toujours en mesure de r\u00e9aliser des solutions sp\u00e9ciales avec vous. Qu\u2019il s\u2019agisse de couleurs diff\u00e9rentes, de dimensions [&#8230;]<\/p>\n","protected":false},"author":1,"featured_media":0,"parent":0,"menu_order":0,"comment_status":"closed","ping_status":"closed","template":"","meta":{"site-sidebar-layout":"no-sidebar","site-content-layout":"page-builder","ast-site-content-layout":"full-width-container","site-content-style":"default","site-sidebar-style":"default","ast-global-header-display":"","ast-banner-title-visibility":"","ast-main-header-display":"","ast-hfb-above-header-display":"","ast-hfb-below-header-display":"","ast-hfb-mobile-header-display":"","site-post-title":"disabled","ast-breadcrumbs-content":"","ast-featured-img":"disabled","footer-sml-layout":"","ast-disable-related-posts":"","theme-transparent-header-meta":"","adv-header-id-meta":"","stick-header-meta":"","header-above-stick-meta":"","header-main-stick-meta":"","header-below-stick-meta":"","astra-migrate-meta-layouts":"set","ast-page-background-enabled":"default","ast-page-background-meta":{"desktop":{"background-color":"var(--ast-global-color-4)","background-image":"","background-repeat":"repeat","background-position":"center center","background-size":"auto","background-attachment":"scroll","background-type":"","background-media":"","overlay-type":"","overlay-color":"","overlay-opacity":"","overlay-gradient":""},"tablet":{"background-color":"","background-image":"","background-repeat":"repeat","background-position":"center center","background-size":"auto","background-attachment":"scroll","background-type":"","background-media":"","overlay-type":"","overlay-color":"","overlay-opacity":"","overlay-gradient":""},"mobile":{"background-color":"","background-image":"","background-repeat":"repeat","background-position":"center center","background-size":"auto","background-attachment":"scroll","background-type":"","background-media":"","overlay-type":"","overlay-color":"","overlay-opacity":"","overlay-gradient":""}},"ast-content-background-meta":{"desktop":{"background-color":"var(--ast-global-color-5)","background-image":"","background-repeat":"repeat","background-position":"center center","background-size":"auto","background-attachment":"scroll","background-type":"","background-media":"","overlay-type":"","overlay-color":"","overlay-opacity":"","overlay-gradient":""},"tablet":{"background-color":"var(--ast-global-color-5)","background-image":"","background-repeat":"repeat","background-position":"center center","background-size":"auto","background-attachment":"scroll","background-type":"","background-media":"","overlay-type":"","overlay-color":"","overlay-opacity":"","overlay-gradient":""},"mobile":{"background-color":"var(--ast-global-color-5)","background-image":"","background-repeat":"repeat","background-position":"center center","background-size":"auto","background-attachment":"scroll","background-type":"","background-media":"","overlay-type":"","overlay-color":"","overlay-opacity":"","overlay-gradient":""}},"footnotes":""},"class_list":["post-2343","page","type-page","status-publish","hentry"],"_links":{"self":[{"href":"https:\/\/uam.uhrig-group.com\/fr\/wp-json\/wp\/v2\/pages\/2343","targetHints":{"allow":["GET"]}}],"collection":[{"href":"https:\/\/uam.uhrig-group.com\/fr\/wp-json\/wp\/v2\/pages"}],"about":[{"href":"https:\/\/uam.uhrig-group.com\/fr\/wp-json\/wp\/v2\/types\/page"}],"author":[{"embeddable":true,"href":"https:\/\/uam.uhrig-group.com\/fr\/wp-json\/wp\/v2\/users\/1"}],"replies":[{"embeddable":true,"href":"https:\/\/uam.uhrig-group.com\/fr\/wp-json\/wp\/v2\/comments?post=2343"}],"version-history":[{"count":8,"href":"https:\/\/uam.uhrig-group.com\/fr\/wp-json\/wp\/v2\/pages\/2343\/revisions"}],"predecessor-version":[{"id":2606,"href":"https:\/\/uam.uhrig-group.com\/fr\/wp-json\/wp\/v2\/pages\/2343\/revisions\/2606"}],"wp:attachment":[{"href":"https:\/\/uam.uhrig-group.com\/fr\/wp-json\/wp\/v2\/media?parent=2343"}],"curies":[{"name":"wp","href":"https:\/\/api.w.org\/{rel}","templated":true}]}}