{"id":2366,"date":"2024-03-14T14:34:14","date_gmt":"2024-03-14T13:34:14","guid":{"rendered":"https:\/\/uam.uhrig-group.com\/mentions-legales\/"},"modified":"2025-10-15T09:26:12","modified_gmt":"2025-10-15T07:26:12","slug":"mentions-legales","status":"publish","type":"page","link":"https:\/\/uam.uhrig-group.com\/fr\/mentions-legales\/","title":{"rendered":"Mentions l\u00e9gales"},"content":{"rendered":"\t\t<div data-elementor-type=\"wp-page\" data-elementor-id=\"2366\" class=\"elementor elementor-2366 elementor-2134\" data-elementor-settings=\"{&quot;ha_cmc_init_switcher&quot;:&quot;no&quot;}\">\n\t\t\t\t<div class=\"elementor-element elementor-element-1e7b533a e-flex e-con-boxed e-con e-parent\" data-id=\"1e7b533a\" data-element_type=\"container\" data-e-type=\"container\" data-settings=\"{&quot;_ha_eqh_enable&quot;:false}\">\n\t\t\t\t\t<div class=\"e-con-inner\">\n\t\t\t\t<div class=\"elementor-element elementor-element-6f42a9fc elementor-widget elementor-widget-html\" data-id=\"6f42a9fc\" data-element_type=\"widget\" data-e-type=\"widget\" data-widget_type=\"html.default\">\n\t\t\t\t<div class=\"elementor-widget-container\">\n\t\t\t\t\t<h1 style=\"font-size: 26px;\">Mentions l\u00e9gales<\/h1>\n<p>&nbsp;<\/p>\n<b>Responsable du contenu du site Web<\/b>\n<p style=\"padding-top: 15px;\">UAM GmbH & Co. KG<\/p>\n<p>Directeur\u00a0: Rainer M\u00fcnzer et Christoph von Bothmer-Schlegtendal<br \/>\nAm Roten Kreuz 2<\/p>\n<p>78187 Geisingen, Allemagne<\/p>\n<p><br \/>\nT\u00e9l\u00a0: +49 7704 806-37<br \/>\nFax\u00a0: +49 7704 806-50<br \/>\nE-mail\u00a0: info@uam.eu<br \/>\nWeb\u00a0: www.uam.eu\/<\/p>\n<p><br \/>\nTribunal d\u2019enregistrement\u00a0: Tribunal d\u2019instance de Stuttgart<br \/>\nNum\u00e9ro d\u2019enregistrement HRA 735 666<br \/>\nNum\u00e9ro de TVA intracommunautaire [UStID] DE 81 5822 706<\/p>\n<p style=\"padding-top: 15px;\">&nbsp;<\/p>\n<b>Clause de non-responsabilit\u00e9<\/b>\n<p style=\"padding-top: 15px;\">Les informations fournies sur ce site ont \u00e9t\u00e9 soigneusement v\u00e9rifi\u00e9es. Ce site Web \u00e9tant destin\u00e9 \u00e0 l\u2019information g\u00e9n\u00e9rale, nous ne pouvons toutefois pas garantir que toutes les donn\u00e9es sont \u00e0 tout moment enti\u00e8rement correctes et pr\u00e9sent\u00e9es dans leur derni\u00e8re actualit\u00e9. Le contenu et la fonctionnalit\u00e9 des sites Web li\u00e9s rel\u00e8vent de la responsabilit\u00e9 exclusive de leurs exploitants. L\u2019utilisation de ce site Web se fait \u00e0 vos propres risques. La soci\u00e9t\u00e9 UAM GmbH & Co. KG n\u2019assume aucune responsabilit\u00e9 pour d\u2019\u00e9ventuels dommages directs, indirects ou sp\u00e9ciaux cons\u00e9cutifs ou autres, r\u00e9sultant de l\u2019utilisation ou de l\u2019incapacit\u00e9 d\u2019utiliser ce site Web et son contenu. Si certaines parties ou formulations de cette clause de non-responsabilit\u00e9 ne sont pas, plus ou pas enti\u00e8rement valables en raison de la situation juridique actuelle, toutes les autres parties restent inchang\u00e9es.<\/p>\n<p style=\"padding-top: 15px;\">&nbsp;<\/p>\n<b>Droit d\u2019auteur<\/b>\n<p style=\"padding-top: 15px;\">Les contenus et donn\u00e9es publi\u00e9s sur ce site Web sont la propri\u00e9t\u00e9 de UAM GmbH & Co. KG et sont prot\u00e9g\u00e9s par le droit d\u2019auteur ou ont \u00e9t\u00e9 autoris\u00e9s \u00e0 la publication par les d\u00e9tenteurs respectifs du droit d\u2019auteur. La copie, la diffusion et la modification de ces contenus et donn\u00e9es sont soumises \u00e0 l\u2019autorisation expresse de UAM GmbH & Co. KG. Nous nous r\u00e9servons le droit d\u2019engager des poursuites judiciaires en cas d\u2019utilisation non autoris\u00e9e ou abusive.<\/p>\n<p style=\"padding-top: 15px;\">&nbsp;<\/p>\n<b>Droit applicable et juridiction<\/b>\n<p style=\"padding-top: 15px;\">Le droit allemand s\u2019applique au contenu et \u00e0 l\u2019utilisation du site Web ainsi qu\u2019aux conditions mentionn\u00e9es. Vous et UAM GmbH & Co. KG vous soumettez par la pr\u00e9sente \u00e0 la juridiction non exclusive des tribunaux allemands.<\/p>\n<p style=\"padding-top: 15px;\">&nbsp;<\/p>\n<b>Avis aux consommateurs\u00a0:<\/b>\n<p style=\"padding-top: 15px;\">Nous ne sommes pas tenus de participer \u00e0 une proc\u00e9dure de r\u00e8glement des litiges devant un organisme de conciliation des consommateurs et nous ne participons pas \u00e0 une telle proc\u00e9dure.<\/p>\n<p style=\"padding-top: 25px;\"><b>Sources des images\u00a0:<\/b><\/p>\n<p>stock.adobe.com<\/p>\n<p>istockphoto.com<\/p>\n<p>canva.com<\/p>\n\t\t\t\t<\/div>\n\t\t\t\t<\/div>\n\t\t\t\t\t<\/div>\n\t\t\t\t<\/div>\n\t\t\t\t<\/div>\n\t\t","protected":false},"excerpt":{"rendered":"<p>Mentions l\u00e9gales &nbsp; Responsable du contenu du site Web UAM GmbH &#038; Co. KG Directeur\u00a0: Rainer M\u00fcnzer et Christoph von Bothmer-Schlegtendal Am Roten Kreuz 2 78187 Geisingen, Allemagne T\u00e9l\u00a0: +49 [&#8230;]<\/p>\n","protected":false},"author":1,"featured_media":0,"parent":0,"menu_order":0,"comment_status":"closed","ping_status":"closed","template":"","meta":{"site-sidebar-layout":"no-sidebar","site-content-layout":"page-builder","ast-site-content-layout":"full-width-container","site-content-style":"default","site-sidebar-style":"default","ast-global-header-display":"","ast-banner-title-visibility":"","ast-main-header-display":"","ast-hfb-above-header-display":"","ast-hfb-below-header-display":"","ast-hfb-mobile-header-display":"","site-post-title":"disabled","ast-breadcrumbs-content":"","ast-featured-img":"disabled","footer-sml-layout":"","ast-disable-related-posts":"","theme-transparent-header-meta":"","adv-header-id-meta":"","stick-header-meta":"","header-above-stick-meta":"","header-main-stick-meta":"","header-below-stick-meta":"","astra-migrate-meta-layouts":"default","ast-page-background-enabled":"default","ast-page-background-meta":{"desktop":{"background-color":"var(--ast-global-color-4)","background-image":"","background-repeat":"repeat","background-position":"center center","background-size":"auto","background-attachment":"scroll","background-type":"","background-media":"","overlay-type":"","overlay-color":"","overlay-opacity":"","overlay-gradient":""},"tablet":{"background-color":"","background-image":"","background-repeat":"repeat","background-position":"center center","background-size":"auto","background-attachment":"scroll","background-type":"","background-media":"","overlay-type":"","overlay-color":"","overlay-opacity":"","overlay-gradient":""},"mobile":{"background-color":"","background-image":"","background-repeat":"repeat","background-position":"center center","background-size":"auto","background-attachment":"scroll","background-type":"","background-media":"","overlay-type":"","overlay-color":"","overlay-opacity":"","overlay-gradient":""}},"ast-content-background-meta":{"desktop":{"background-color":"var(--ast-global-color-5)","background-image":"","background-repeat":"repeat","background-position":"center center","background-size":"auto","background-attachment":"scroll","background-type":"","background-media":"","overlay-type":"","overlay-color":"","overlay-opacity":"","overlay-gradient":""},"tablet":{"background-color":"var(--ast-global-color-5)","background-image":"","background-repeat":"repeat","background-position":"center center","background-size":"auto","background-attachment":"scroll","background-type":"","background-media":"","overlay-type":"","overlay-color":"","overlay-opacity":"","overlay-gradient":""},"mobile":{"background-color":"var(--ast-global-color-5)","background-image":"","background-repeat":"repeat","background-position":"center center","background-size":"auto","background-attachment":"scroll","background-type":"","background-media":"","overlay-type":"","overlay-color":"","overlay-opacity":"","overlay-gradient":""}},"footnotes":""},"class_list":["post-2366","page","type-page","status-publish","hentry"],"_links":{"self":[{"href":"https:\/\/uam.uhrig-group.com\/fr\/wp-json\/wp\/v2\/pages\/2366","targetHints":{"allow":["GET"]}}],"collection":[{"href":"https:\/\/uam.uhrig-group.com\/fr\/wp-json\/wp\/v2\/pages"}],"about":[{"href":"https:\/\/uam.uhrig-group.com\/fr\/wp-json\/wp\/v2\/types\/page"}],"author":[{"embeddable":true,"href":"https:\/\/uam.uhrig-group.com\/fr\/wp-json\/wp\/v2\/users\/1"}],"replies":[{"embeddable":true,"href":"https:\/\/uam.uhrig-group.com\/fr\/wp-json\/wp\/v2\/comments?post=2366"}],"version-history":[{"count":20,"href":"https:\/\/uam.uhrig-group.com\/fr\/wp-json\/wp\/v2\/pages\/2366\/revisions"}],"predecessor-version":[{"id":2799,"href":"https:\/\/uam.uhrig-group.com\/fr\/wp-json\/wp\/v2\/pages\/2366\/revisions\/2799"}],"wp:attachment":[{"href":"https:\/\/uam.uhrig-group.com\/fr\/wp-json\/wp\/v2\/media?parent=2366"}],"curies":[{"name":"wp","href":"https:\/\/api.w.org\/{rel}","templated":true}]}}